{"id":255,"date":"2024-04-10T16:40:35","date_gmt":"2024-04-10T14:40:35","guid":{"rendered":"https:\/\/www.brunnenhof-mazzon.it\/home\/"},"modified":"2024-04-29T09:34:55","modified_gmt":"2024-04-29T07:34:55","slug":"home","status":"publish","type":"page","link":"https:\/\/www.brunnenhof-mazzon.it\/it\/","title":{"rendered":"Home"},"content":{"rendered":"","protected":false},"excerpt":{"rendered":"","protected":false},"author":1,"featured_media":187,"parent":0,"menu_order":0,"comment_status":"closed","ping_status":"closed","template":"template-home.php","meta":{"_acf_changed":false,"footnotes":""},"class_list":["post-255","page","type-page","status-publish","has-post-thumbnail","hentry"],"acf":[],"yoast_head":"<!-- This site is optimized with the Yoast SEO plugin v22.6 - https:\/\/yoast.com\/wordpress\/plugins\/seo\/ -->\n<title>Brunnenhof a Mazzon, Egna<\/title>\n<meta name=\"description\" content=\"Kurt e Johanna gestiscono con passione la tenuta di famiglia Brunnenhof a Mazzon, nella zona della Bassa Atesina oltre la localit\u00e0 di Egna.\" \/>\n<meta name=\"robots\" content=\"index, follow, max-snippet:-1, max-image-preview:large, max-video-preview:-1\" \/>\n<link rel=\"canonical\" href=\"https:\/\/www.brunnenhof-mazzon.it\/it\/\" \/>\n<meta property=\"og:locale\" content=\"it_IT\" \/>\n<meta property=\"og:type\" content=\"article\" \/>\n<meta property=\"og:title\" content=\"Brunnenhof a Mazzon, Egna\" \/>\n<meta property=\"og:description\" content=\"Kurt e Johanna gestiscono con passione la tenuta di famiglia Brunnenhof a Mazzon, nella zona della Bassa Atesina oltre la localit\u00e0 di Egna.\" \/>\n<meta property=\"og:url\" content=\"https:\/\/www.brunnenhof-mazzon.it\/it\/\" \/>\n<meta property=\"og:site_name\" content=\"www.brunnenhof-mazzon.it\" \/>\n<meta property=\"article:modified_time\" content=\"2024-04-29T07:34:55+00:00\" \/>\n<meta property=\"og:image\" content=\"https:\/\/www.brunnenhof-mazzon.it\/wp-content\/uploads\/10_Brunnenhof_6838-1.jpg\" \/>\n\t<meta property=\"og:image:width\" content=\"1920\" \/>\n\t<meta property=\"og:image:height\" content=\"1251\" \/>\n\t<meta property=\"og:image:type\" content=\"image\/jpeg\" \/>\n<script type=\"application\/ld+json\" class=\"yoast-schema-graph\">{\"@context\":\"https:\/\/schema.org\",\"@graph\":[{\"@type\":\"WebPage\",\"@id\":\"https:\/\/www.brunnenhof-mazzon.it\/it\/\",\"url\":\"https:\/\/www.brunnenhof-mazzon.it\/it\/\",\"name\":\"Brunnenhof a Mazzon, Egna\",\"isPartOf\":{\"@id\":\"https:\/\/www.brunnenhof-mazzon.it\/it\/#website\"},\"primaryImageOfPage\":{\"@id\":\"https:\/\/www.brunnenhof-mazzon.it\/it\/#primaryimage\"},\"image\":{\"@id\":\"https:\/\/www.brunnenhof-mazzon.it\/it\/#primaryimage\"},\"thumbnailUrl\":\"https:\/\/i0.wp.com\/www.brunnenhof-mazzon.it\/wp-content\/uploads\/10_Brunnenhof_6838-1.jpg?fit=1920%2C1251&ssl=1\",\"datePublished\":\"2024-04-10T14:40:35+00:00\",\"dateModified\":\"2024-04-29T07:34:55+00:00\",\"description\":\"Kurt e Johanna gestiscono con passione la tenuta di famiglia Brunnenhof a Mazzon, nella zona della Bassa Atesina oltre la localit\u00e0 di Egna.\",\"breadcrumb\":{\"@id\":\"https:\/\/www.brunnenhof-mazzon.it\/it\/#breadcrumb\"},\"inLanguage\":\"it-IT\",\"potentialAction\":[{\"@type\":\"ReadAction\",\"target\":[\"https:\/\/www.brunnenhof-mazzon.it\/it\/\"]}]},{\"@type\":\"ImageObject\",\"inLanguage\":\"it-IT\",\"@id\":\"https:\/\/www.brunnenhof-mazzon.it\/it\/#primaryimage\",\"url\":\"https:\/\/i0.wp.com\/www.brunnenhof-mazzon.it\/wp-content\/uploads\/10_Brunnenhof_6838-1.jpg?fit=1920%2C1251&ssl=1\",\"contentUrl\":\"https:\/\/i0.wp.com\/www.brunnenhof-mazzon.it\/wp-content\/uploads\/10_Brunnenhof_6838-1.jpg?fit=1920%2C1251&ssl=1\",\"width\":1920,\"height\":1251,\"caption\":\"Dateiname : DSC_6838.JPG Dateigr\u00f6\u00dfe : 2.2MB (2340199 Bytes) Aufnahmedatum : Son, 8. Sep 2002 18:35:58 Uhr Bildgr\u00f6\u00dfe : 3008 x 1960 Pixel Aufl\u00f6sung : 300 x 300 dpi Farbtiefe : 8 Bits\/Kanal Sch\u00fctzen : Aus Kamera-ID : \u00a9 Ludwig Thalheimer Kamera : NIKON D1X Qualit\u00e4tsmodus : Fein Messmethode : Mehrfach-Feld Belichtungsbetriebsart : Blendenpriorit\u00e4t Speedlight : Nein Brennweite : 85.0 mm Verschlusszeit : 1\/800 Sekunden Blende : F3.8 Belichtungskorrektur : -0.7 EV Fester Wei\u00dfabgleich : Automatik Objektiv : 85 mm F1.8 Blitz-Synchronisierungsmodus : N\/A Belichtungsdifferenz : 0.0 EV Flexibles Programm : Nein Empfindlichkeit : ISO200 Sch\u00e4rfung : Niedrig Farbmodus : Farbe Farbeinstellungen : Modus II (Adobe RGB) Farbs\u00e4ttigung : 3 Farbs\u00e4ttigung : N\/A Tonwertkorrektur : Normal Breite (GPS) : N\/A L\u00e4nge (GPS) : N\/A H\u00f6he (GPS) : N\/A\"},{\"@type\":\"BreadcrumbList\",\"@id\":\"https:\/\/www.brunnenhof-mazzon.it\/it\/#breadcrumb\",\"itemListElement\":[{\"@type\":\"ListItem\",\"position\":1,\"name\":\"Startseite\",\"item\":\"https:\/\/www.brunnenhof-mazzon.it\/it\/\"},{\"@type\":\"ListItem\",\"position\":2,\"name\":\"Home\"}]},{\"@type\":\"WebSite\",\"@id\":\"https:\/\/www.brunnenhof-mazzon.it\/it\/#website\",\"url\":\"https:\/\/www.brunnenhof-mazzon.it\/it\/\",\"name\":\"Brunnen Hof\",\"description\":\"\",\"publisher\":{\"@id\":\"https:\/\/www.brunnenhof-mazzon.it\/it\/#organization\"},\"potentialAction\":[{\"@type\":\"SearchAction\",\"target\":{\"@type\":\"EntryPoint\",\"urlTemplate\":\"https:\/\/www.brunnenhof-mazzon.it\/it\/?s={search_term_string}\"},\"query-input\":\"required name=search_term_string\"}],\"inLanguage\":\"it-IT\"},{\"@type\":\"Organization\",\"@id\":\"https:\/\/www.brunnenhof-mazzon.it\/it\/#organization\",\"name\":\"Brunnen Hof\",\"url\":\"https:\/\/www.brunnenhof-mazzon.it\/it\/\",\"logo\":{\"@type\":\"ImageObject\",\"inLanguage\":\"it-IT\",\"@id\":\"https:\/\/www.brunnenhof-mazzon.it\/it\/#\/schema\/logo\/image\/\",\"url\":\"https:\/\/i0.wp.com\/www.brunnenhof-mazzon.it\/wp-content\/uploads\/logo.png?fit=600%2C280\",\"contentUrl\":\"https:\/\/i0.wp.com\/www.brunnenhof-mazzon.it\/wp-content\/uploads\/logo.png?fit=600%2C280\",\"width\":600,\"height\":280,\"caption\":\"Brunnen Hof\"},\"image\":{\"@id\":\"https:\/\/www.brunnenhof-mazzon.it\/it\/#\/schema\/logo\/image\/\"},\"sameAs\":[\"https:\/\/www.instagram.com\/brunnenhofmazzon\/\"]}]}<\/script>\n<!-- \/ Yoast SEO plugin. -->","yoast_head_json":{"title":"Brunnenhof a Mazzon, Egna","description":"Kurt e Johanna gestiscono con passione la tenuta di famiglia Brunnenhof a Mazzon, nella zona della Bassa Atesina oltre la localit\u00e0 di Egna.","robots":{"index":"index","follow":"follow","max-snippet":"max-snippet:-1","max-image-preview":"max-image-preview:large","max-video-preview":"max-video-preview:-1"},"canonical":"https:\/\/www.brunnenhof-mazzon.it\/it\/","og_locale":"it_IT","og_type":"article","og_title":"Brunnenhof a Mazzon, Egna","og_description":"Kurt e Johanna gestiscono con passione la tenuta di famiglia Brunnenhof a Mazzon, nella zona della Bassa Atesina oltre la localit\u00e0 di Egna.","og_url":"https:\/\/www.brunnenhof-mazzon.it\/it\/","og_site_name":"www.brunnenhof-mazzon.it","article_modified_time":"2024-04-29T07:34:55+00:00","og_image":[{"width":1920,"height":1251,"url":"https:\/\/www.brunnenhof-mazzon.it\/wp-content\/uploads\/10_Brunnenhof_6838-1.jpg","type":"image\/jpeg"}],"schema":{"@context":"https:\/\/schema.org","@graph":[{"@type":"WebPage","@id":"https:\/\/www.brunnenhof-mazzon.it\/it\/","url":"https:\/\/www.brunnenhof-mazzon.it\/it\/","name":"Brunnenhof a Mazzon, Egna","isPartOf":{"@id":"https:\/\/www.brunnenhof-mazzon.it\/it\/#website"},"primaryImageOfPage":{"@id":"https:\/\/www.brunnenhof-mazzon.it\/it\/#primaryimage"},"image":{"@id":"https:\/\/www.brunnenhof-mazzon.it\/it\/#primaryimage"},"thumbnailUrl":"https:\/\/i0.wp.com\/www.brunnenhof-mazzon.it\/wp-content\/uploads\/10_Brunnenhof_6838-1.jpg?fit=1920%2C1251&ssl=1","datePublished":"2024-04-10T14:40:35+00:00","dateModified":"2024-04-29T07:34:55+00:00","description":"Kurt e Johanna gestiscono con passione la tenuta di famiglia Brunnenhof a Mazzon, nella zona della Bassa Atesina oltre la localit\u00e0 di Egna.","breadcrumb":{"@id":"https:\/\/www.brunnenhof-mazzon.it\/it\/#breadcrumb"},"inLanguage":"it-IT","potentialAction":[{"@type":"ReadAction","target":["https:\/\/www.brunnenhof-mazzon.it\/it\/"]}]},{"@type":"ImageObject","inLanguage":"it-IT","@id":"https:\/\/www.brunnenhof-mazzon.it\/it\/#primaryimage","url":"https:\/\/i0.wp.com\/www.brunnenhof-mazzon.it\/wp-content\/uploads\/10_Brunnenhof_6838-1.jpg?fit=1920%2C1251&ssl=1","contentUrl":"https:\/\/i0.wp.com\/www.brunnenhof-mazzon.it\/wp-content\/uploads\/10_Brunnenhof_6838-1.jpg?fit=1920%2C1251&ssl=1","width":1920,"height":1251,"caption":"Dateiname : DSC_6838.JPG Dateigr\u00f6\u00dfe : 2.2MB (2340199 Bytes) Aufnahmedatum : Son, 8. Sep 2002 18:35:58 Uhr Bildgr\u00f6\u00dfe : 3008 x 1960 Pixel Aufl\u00f6sung : 300 x 300 dpi Farbtiefe : 8 Bits\/Kanal Sch\u00fctzen : Aus Kamera-ID : \u00a9 Ludwig Thalheimer Kamera : NIKON D1X Qualit\u00e4tsmodus : Fein Messmethode : Mehrfach-Feld Belichtungsbetriebsart : Blendenpriorit\u00e4t Speedlight : Nein Brennweite : 85.0 mm Verschlusszeit : 1\/800 Sekunden Blende : F3.8 Belichtungskorrektur : -0.7 EV Fester Wei\u00dfabgleich : Automatik Objektiv : 85 mm F1.8 Blitz-Synchronisierungsmodus : N\/A Belichtungsdifferenz : 0.0 EV Flexibles Programm : Nein Empfindlichkeit : ISO200 Sch\u00e4rfung : Niedrig Farbmodus : Farbe Farbeinstellungen : Modus II (Adobe RGB) Farbs\u00e4ttigung : 3 Farbs\u00e4ttigung : N\/A Tonwertkorrektur : Normal Breite (GPS) : N\/A L\u00e4nge (GPS) : N\/A H\u00f6he (GPS) : N\/A"},{"@type":"BreadcrumbList","@id":"https:\/\/www.brunnenhof-mazzon.it\/it\/#breadcrumb","itemListElement":[{"@type":"ListItem","position":1,"name":"Startseite","item":"https:\/\/www.brunnenhof-mazzon.it\/it\/"},{"@type":"ListItem","position":2,"name":"Home"}]},{"@type":"WebSite","@id":"https:\/\/www.brunnenhof-mazzon.it\/it\/#website","url":"https:\/\/www.brunnenhof-mazzon.it\/it\/","name":"Brunnen Hof","description":"","publisher":{"@id":"https:\/\/www.brunnenhof-mazzon.it\/it\/#organization"},"potentialAction":[{"@type":"SearchAction","target":{"@type":"EntryPoint","urlTemplate":"https:\/\/www.brunnenhof-mazzon.it\/it\/?s={search_term_string}"},"query-input":"required name=search_term_string"}],"inLanguage":"it-IT"},{"@type":"Organization","@id":"https:\/\/www.brunnenhof-mazzon.it\/it\/#organization","name":"Brunnen Hof","url":"https:\/\/www.brunnenhof-mazzon.it\/it\/","logo":{"@type":"ImageObject","inLanguage":"it-IT","@id":"https:\/\/www.brunnenhof-mazzon.it\/it\/#\/schema\/logo\/image\/","url":"https:\/\/i0.wp.com\/www.brunnenhof-mazzon.it\/wp-content\/uploads\/logo.png?fit=600%2C280","contentUrl":"https:\/\/i0.wp.com\/www.brunnenhof-mazzon.it\/wp-content\/uploads\/logo.png?fit=600%2C280","width":600,"height":280,"caption":"Brunnen Hof"},"image":{"@id":"https:\/\/www.brunnenhof-mazzon.it\/it\/#\/schema\/logo\/image\/"},"sameAs":["https:\/\/www.instagram.com\/brunnenhofmazzon\/"]}]}},"_links":{"self":[{"href":"https:\/\/www.brunnenhof-mazzon.it\/it\/wp-json\/wp\/v2\/pages\/255","targetHints":{"allow":["GET"]}}],"collection":[{"href":"https:\/\/www.brunnenhof-mazzon.it\/it\/wp-json\/wp\/v2\/pages"}],"about":[{"href":"https:\/\/www.brunnenhof-mazzon.it\/it\/wp-json\/wp\/v2\/types\/page"}],"author":[{"embeddable":true,"href":"https:\/\/www.brunnenhof-mazzon.it\/it\/wp-json\/wp\/v2\/users\/1"}],"replies":[{"embeddable":true,"href":"https:\/\/www.brunnenhof-mazzon.it\/it\/wp-json\/wp\/v2\/comments?post=255"}],"version-history":[{"count":1,"href":"https:\/\/www.brunnenhof-mazzon.it\/it\/wp-json\/wp\/v2\/pages\/255\/revisions"}],"predecessor-version":[{"id":262,"href":"https:\/\/www.brunnenhof-mazzon.it\/it\/wp-json\/wp\/v2\/pages\/255\/revisions\/262"}],"wp:featuredmedia":[{"embeddable":true,"href":"https:\/\/www.brunnenhof-mazzon.it\/it\/wp-json\/wp\/v2\/media\/187"}],"wp:attachment":[{"href":"https:\/\/www.brunnenhof-mazzon.it\/it\/wp-json\/wp\/v2\/media?parent=255"}],"curies":[{"name":"wp","href":"https:\/\/api.w.org\/{rel}","templated":true}]}}