{"id":279,"date":"2024-04-10T16:40:35","date_gmt":"2024-04-10T14:40:35","guid":{"rendered":"https:\/\/www.brunnenhof-mazzon.it\/home\/"},"modified":"2024-04-29T09:40:01","modified_gmt":"2024-04-29T07:40:01","slug":"home","status":"publish","type":"page","link":"https:\/\/www.brunnenhof-mazzon.it\/en\/","title":{"rendered":"Home"},"content":{"rendered":"","protected":false},"excerpt":{"rendered":"","protected":false},"author":1,"featured_media":186,"parent":0,"menu_order":0,"comment_status":"closed","ping_status":"closed","template":"template-home.php","meta":{"_acf_changed":false,"footnotes":""},"class_list":["post-279","page","type-page","status-publish","has-post-thumbnail","hentry"],"acf":[],"yoast_head":"<!-- This site is optimized with the Yoast SEO plugin v22.6 - https:\/\/yoast.com\/wordpress\/plugins\/seo\/ -->\n<title>Brunnenhof in Mazon, Neumarkt<\/title>\n<meta name=\"description\" content=\"Kurt and Johanna run the Brunnenhof family winery in Mazon, in the South Tyrolean &quot;Unterland&quot; above the village of Neumarkt, with passion.\" \/>\n<meta name=\"robots\" content=\"index, follow, max-snippet:-1, max-image-preview:large, max-video-preview:-1\" \/>\n<link rel=\"canonical\" href=\"https:\/\/www.brunnenhof-mazzon.it\/en\/\" \/>\n<meta property=\"og:locale\" content=\"en_US\" \/>\n<meta property=\"og:type\" content=\"article\" \/>\n<meta property=\"og:title\" content=\"Brunnenhof in Mazon, Neumarkt\" \/>\n<meta property=\"og:description\" content=\"Kurt and Johanna run the Brunnenhof family winery in Mazon, in the South Tyrolean &quot;Unterland&quot; above the village of Neumarkt, with passion.\" \/>\n<meta property=\"og:url\" content=\"https:\/\/www.brunnenhof-mazzon.it\/en\/\" \/>\n<meta property=\"og:site_name\" content=\"www.brunnenhof-mazzon.it\" \/>\n<meta property=\"article:modified_time\" content=\"2024-04-29T07:40:01+00:00\" \/>\n<meta property=\"og:image\" content=\"https:\/\/www.brunnenhof-mazzon.it\/wp-content\/uploads\/10_Brunnenhof_6838-1.jpg\" \/>\n\t<meta property=\"og:image:width\" content=\"1920\" \/>\n\t<meta property=\"og:image:height\" content=\"1251\" \/>\n\t<meta property=\"og:image:type\" content=\"image\/jpeg\" \/>\n<script type=\"application\/ld+json\" class=\"yoast-schema-graph\">{\"@context\":\"https:\/\/schema.org\",\"@graph\":[{\"@type\":\"WebPage\",\"@id\":\"https:\/\/www.brunnenhof-mazzon.it\/en\/\",\"url\":\"https:\/\/www.brunnenhof-mazzon.it\/en\/\",\"name\":\"Brunnenhof in Mazon, Neumarkt\",\"isPartOf\":{\"@id\":\"https:\/\/www.brunnenhof-mazzon.it\/en\/#website\"},\"primaryImageOfPage\":{\"@id\":\"https:\/\/www.brunnenhof-mazzon.it\/en\/#primaryimage\"},\"image\":{\"@id\":\"https:\/\/www.brunnenhof-mazzon.it\/en\/#primaryimage\"},\"thumbnailUrl\":\"https:\/\/i0.wp.com\/www.brunnenhof-mazzon.it\/wp-content\/uploads\/10_Brunnenhof_6838-1.jpg?fit=1920%2C1251&ssl=1\",\"datePublished\":\"2024-04-10T14:40:35+00:00\",\"dateModified\":\"2024-04-29T07:40:01+00:00\",\"description\":\"Kurt and Johanna run the Brunnenhof family winery in Mazon, in the South Tyrolean \\\"Unterland\\\" above the village of Neumarkt, with passion.\",\"breadcrumb\":{\"@id\":\"https:\/\/www.brunnenhof-mazzon.it\/en\/#breadcrumb\"},\"inLanguage\":\"en-US\",\"potentialAction\":[{\"@type\":\"ReadAction\",\"target\":[\"https:\/\/www.brunnenhof-mazzon.it\/en\/\"]}]},{\"@type\":\"ImageObject\",\"inLanguage\":\"en-US\",\"@id\":\"https:\/\/www.brunnenhof-mazzon.it\/en\/#primaryimage\",\"url\":\"https:\/\/i0.wp.com\/www.brunnenhof-mazzon.it\/wp-content\/uploads\/10_Brunnenhof_6838-1.jpg?fit=1920%2C1251&ssl=1\",\"contentUrl\":\"https:\/\/i0.wp.com\/www.brunnenhof-mazzon.it\/wp-content\/uploads\/10_Brunnenhof_6838-1.jpg?fit=1920%2C1251&ssl=1\",\"width\":1920,\"height\":1251,\"caption\":\"Dateiname : DSC_6838.JPG Dateigr\u00f6\u00dfe : 2.2MB (2340199 Bytes) Aufnahmedatum : Son, 8. Sep 2002 18:35:58 Uhr Bildgr\u00f6\u00dfe : 3008 x 1960 Pixel Aufl\u00f6sung : 300 x 300 dpi Farbtiefe : 8 Bits\/Kanal Sch\u00fctzen : Aus Kamera-ID : \u00a9 Ludwig Thalheimer Kamera : NIKON D1X Qualit\u00e4tsmodus : Fein Messmethode : Mehrfach-Feld Belichtungsbetriebsart : Blendenpriorit\u00e4t Speedlight : Nein Brennweite : 85.0 mm Verschlusszeit : 1\/800 Sekunden Blende : F3.8 Belichtungskorrektur : -0.7 EV Fester Wei\u00dfabgleich : Automatik Objektiv : 85 mm F1.8 Blitz-Synchronisierungsmodus : N\/A Belichtungsdifferenz : 0.0 EV Flexibles Programm : Nein Empfindlichkeit : ISO200 Sch\u00e4rfung : Niedrig Farbmodus : Farbe Farbeinstellungen : Modus II (Adobe RGB) Farbs\u00e4ttigung : 3 Farbs\u00e4ttigung : N\/A Tonwertkorrektur : Normal Breite (GPS) : N\/A L\u00e4nge (GPS) : N\/A H\u00f6he (GPS) : N\/A\"},{\"@type\":\"BreadcrumbList\",\"@id\":\"https:\/\/www.brunnenhof-mazzon.it\/en\/#breadcrumb\",\"itemListElement\":[{\"@type\":\"ListItem\",\"position\":1,\"name\":\"Startseite\",\"item\":\"https:\/\/www.brunnenhof-mazzon.it\/en\/\"},{\"@type\":\"ListItem\",\"position\":2,\"name\":\"Home\"}]},{\"@type\":\"WebSite\",\"@id\":\"https:\/\/www.brunnenhof-mazzon.it\/en\/#website\",\"url\":\"https:\/\/www.brunnenhof-mazzon.it\/en\/\",\"name\":\"Brunnen Hof\",\"description\":\"\",\"publisher\":{\"@id\":\"https:\/\/www.brunnenhof-mazzon.it\/en\/#organization\"},\"potentialAction\":[{\"@type\":\"SearchAction\",\"target\":{\"@type\":\"EntryPoint\",\"urlTemplate\":\"https:\/\/www.brunnenhof-mazzon.it\/en\/?s={search_term_string}\"},\"query-input\":\"required name=search_term_string\"}],\"inLanguage\":\"en-US\"},{\"@type\":\"Organization\",\"@id\":\"https:\/\/www.brunnenhof-mazzon.it\/en\/#organization\",\"name\":\"Brunnen Hof\",\"url\":\"https:\/\/www.brunnenhof-mazzon.it\/en\/\",\"logo\":{\"@type\":\"ImageObject\",\"inLanguage\":\"en-US\",\"@id\":\"https:\/\/www.brunnenhof-mazzon.it\/en\/#\/schema\/logo\/image\/\",\"url\":\"https:\/\/i0.wp.com\/www.brunnenhof-mazzon.it\/wp-content\/uploads\/logo.png?fit=600%2C280\",\"contentUrl\":\"https:\/\/i0.wp.com\/www.brunnenhof-mazzon.it\/wp-content\/uploads\/logo.png?fit=600%2C280\",\"width\":600,\"height\":280,\"caption\":\"Brunnen Hof\"},\"image\":{\"@id\":\"https:\/\/www.brunnenhof-mazzon.it\/en\/#\/schema\/logo\/image\/\"},\"sameAs\":[\"https:\/\/www.instagram.com\/brunnenhofmazzon\/\"]}]}<\/script>\n<!-- \/ Yoast SEO plugin. -->","yoast_head_json":{"title":"Brunnenhof in Mazon, Neumarkt","description":"Kurt and Johanna run the Brunnenhof family winery in Mazon, in the South Tyrolean \"Unterland\" above the village of Neumarkt, with passion.","robots":{"index":"index","follow":"follow","max-snippet":"max-snippet:-1","max-image-preview":"max-image-preview:large","max-video-preview":"max-video-preview:-1"},"canonical":"https:\/\/www.brunnenhof-mazzon.it\/en\/","og_locale":"en_US","og_type":"article","og_title":"Brunnenhof in Mazon, Neumarkt","og_description":"Kurt and Johanna run the Brunnenhof family winery in Mazon, in the South Tyrolean \"Unterland\" above the village of Neumarkt, with passion.","og_url":"https:\/\/www.brunnenhof-mazzon.it\/en\/","og_site_name":"www.brunnenhof-mazzon.it","article_modified_time":"2024-04-29T07:40:01+00:00","og_image":[{"width":1920,"height":1251,"url":"https:\/\/www.brunnenhof-mazzon.it\/wp-content\/uploads\/10_Brunnenhof_6838-1.jpg","type":"image\/jpeg"}],"schema":{"@context":"https:\/\/schema.org","@graph":[{"@type":"WebPage","@id":"https:\/\/www.brunnenhof-mazzon.it\/en\/","url":"https:\/\/www.brunnenhof-mazzon.it\/en\/","name":"Brunnenhof in Mazon, Neumarkt","isPartOf":{"@id":"https:\/\/www.brunnenhof-mazzon.it\/en\/#website"},"primaryImageOfPage":{"@id":"https:\/\/www.brunnenhof-mazzon.it\/en\/#primaryimage"},"image":{"@id":"https:\/\/www.brunnenhof-mazzon.it\/en\/#primaryimage"},"thumbnailUrl":"https:\/\/i0.wp.com\/www.brunnenhof-mazzon.it\/wp-content\/uploads\/10_Brunnenhof_6838-1.jpg?fit=1920%2C1251&ssl=1","datePublished":"2024-04-10T14:40:35+00:00","dateModified":"2024-04-29T07:40:01+00:00","description":"Kurt and Johanna run the Brunnenhof family winery in Mazon, in the South Tyrolean \"Unterland\" above the village of Neumarkt, with passion.","breadcrumb":{"@id":"https:\/\/www.brunnenhof-mazzon.it\/en\/#breadcrumb"},"inLanguage":"en-US","potentialAction":[{"@type":"ReadAction","target":["https:\/\/www.brunnenhof-mazzon.it\/en\/"]}]},{"@type":"ImageObject","inLanguage":"en-US","@id":"https:\/\/www.brunnenhof-mazzon.it\/en\/#primaryimage","url":"https:\/\/i0.wp.com\/www.brunnenhof-mazzon.it\/wp-content\/uploads\/10_Brunnenhof_6838-1.jpg?fit=1920%2C1251&ssl=1","contentUrl":"https:\/\/i0.wp.com\/www.brunnenhof-mazzon.it\/wp-content\/uploads\/10_Brunnenhof_6838-1.jpg?fit=1920%2C1251&ssl=1","width":1920,"height":1251,"caption":"Dateiname : DSC_6838.JPG Dateigr\u00f6\u00dfe : 2.2MB (2340199 Bytes) Aufnahmedatum : Son, 8. Sep 2002 18:35:58 Uhr Bildgr\u00f6\u00dfe : 3008 x 1960 Pixel Aufl\u00f6sung : 300 x 300 dpi Farbtiefe : 8 Bits\/Kanal Sch\u00fctzen : Aus Kamera-ID : \u00a9 Ludwig Thalheimer Kamera : NIKON D1X Qualit\u00e4tsmodus : Fein Messmethode : Mehrfach-Feld Belichtungsbetriebsart : Blendenpriorit\u00e4t Speedlight : Nein Brennweite : 85.0 mm Verschlusszeit : 1\/800 Sekunden Blende : F3.8 Belichtungskorrektur : -0.7 EV Fester Wei\u00dfabgleich : Automatik Objektiv : 85 mm F1.8 Blitz-Synchronisierungsmodus : N\/A Belichtungsdifferenz : 0.0 EV Flexibles Programm : Nein Empfindlichkeit : ISO200 Sch\u00e4rfung : Niedrig Farbmodus : Farbe Farbeinstellungen : Modus II (Adobe RGB) Farbs\u00e4ttigung : 3 Farbs\u00e4ttigung : N\/A Tonwertkorrektur : Normal Breite (GPS) : N\/A L\u00e4nge (GPS) : N\/A H\u00f6he (GPS) : N\/A"},{"@type":"BreadcrumbList","@id":"https:\/\/www.brunnenhof-mazzon.it\/en\/#breadcrumb","itemListElement":[{"@type":"ListItem","position":1,"name":"Startseite","item":"https:\/\/www.brunnenhof-mazzon.it\/en\/"},{"@type":"ListItem","position":2,"name":"Home"}]},{"@type":"WebSite","@id":"https:\/\/www.brunnenhof-mazzon.it\/en\/#website","url":"https:\/\/www.brunnenhof-mazzon.it\/en\/","name":"Brunnen Hof","description":"","publisher":{"@id":"https:\/\/www.brunnenhof-mazzon.it\/en\/#organization"},"potentialAction":[{"@type":"SearchAction","target":{"@type":"EntryPoint","urlTemplate":"https:\/\/www.brunnenhof-mazzon.it\/en\/?s={search_term_string}"},"query-input":"required name=search_term_string"}],"inLanguage":"en-US"},{"@type":"Organization","@id":"https:\/\/www.brunnenhof-mazzon.it\/en\/#organization","name":"Brunnen Hof","url":"https:\/\/www.brunnenhof-mazzon.it\/en\/","logo":{"@type":"ImageObject","inLanguage":"en-US","@id":"https:\/\/www.brunnenhof-mazzon.it\/en\/#\/schema\/logo\/image\/","url":"https:\/\/i0.wp.com\/www.brunnenhof-mazzon.it\/wp-content\/uploads\/logo.png?fit=600%2C280","contentUrl":"https:\/\/i0.wp.com\/www.brunnenhof-mazzon.it\/wp-content\/uploads\/logo.png?fit=600%2C280","width":600,"height":280,"caption":"Brunnen Hof"},"image":{"@id":"https:\/\/www.brunnenhof-mazzon.it\/en\/#\/schema\/logo\/image\/"},"sameAs":["https:\/\/www.instagram.com\/brunnenhofmazzon\/"]}]}},"_links":{"self":[{"href":"https:\/\/www.brunnenhof-mazzon.it\/en\/wp-json\/wp\/v2\/pages\/279","targetHints":{"allow":["GET"]}}],"collection":[{"href":"https:\/\/www.brunnenhof-mazzon.it\/en\/wp-json\/wp\/v2\/pages"}],"about":[{"href":"https:\/\/www.brunnenhof-mazzon.it\/en\/wp-json\/wp\/v2\/types\/page"}],"author":[{"embeddable":true,"href":"https:\/\/www.brunnenhof-mazzon.it\/en\/wp-json\/wp\/v2\/users\/1"}],"replies":[{"embeddable":true,"href":"https:\/\/www.brunnenhof-mazzon.it\/en\/wp-json\/wp\/v2\/comments?post=279"}],"version-history":[{"count":1,"href":"https:\/\/www.brunnenhof-mazzon.it\/en\/wp-json\/wp\/v2\/pages\/279\/revisions"}],"predecessor-version":[{"id":283,"href":"https:\/\/www.brunnenhof-mazzon.it\/en\/wp-json\/wp\/v2\/pages\/279\/revisions\/283"}],"wp:featuredmedia":[{"embeddable":true,"href":"https:\/\/www.brunnenhof-mazzon.it\/en\/wp-json\/wp\/v2\/media\/186"}],"wp:attachment":[{"href":"https:\/\/www.brunnenhof-mazzon.it\/en\/wp-json\/wp\/v2\/media?parent=279"}],"curies":[{"name":"wp","href":"https:\/\/api.w.org\/{rel}","templated":true}]}}